{"id":9788898908660,"date":"2022-08-09T10:53:14","date_gmt":"2022-08-09T10:53:14","guid":{"rendered":"https:\/\/pareve.ma\/?post_type=product&#038;p=9788898908660"},"modified":"2022-08-09T10:53:14","modified_gmt":"2022-08-09T10:53:14","slug":"garancia-mysterieux-mille-et-une-nuits-creme-de-nuit-metamorphosante-redensifiante-30ml-serum-repulpant-10ml-offert","status":"publish","type":"product","link":"https:\/\/pareve.sg2i.com\/?product=garancia-mysterieux-mille-et-une-nuits-creme-de-nuit-metamorphosante-redensifiante-30ml-serum-repulpant-10ml-offert","title":{"rendered":"Garancia Myst\u00e9rieux Mille et Une Nuits Cr\u00e8me de Nuit M\u00e9tamorphosante Redensifiante 30ml + S\u00e9rum Repulpant 10ml OFFERT"},"content":{"rendered":"","protected":false},"excerpt":{"rendered":"","protected":false},"featured_media":9788898891379,"comment_status":"open","ping_status":"closed","template":"","meta":{"inline_featured_image":false},"product_cat":[3772],"product_tag":[],"class_list":{"0":"post-9788898908660","1":"product","2":"type-product","3":"status-publish","4":"has-post-thumbnail","6":"product_brand-garancia","7":"product_cat-raffermissants-repulpants-188","9":"first","10":"instock","11":"shipping-taxable","12":"product-type-simple"},"_links":{"self":[{"href":"https:\/\/pareve.sg2i.com\/index.php?rest_route=\/wp\/v2\/product\/9788898908660","targetHints":{"allow":["GET"]}}],"collection":[{"href":"https:\/\/pareve.sg2i.com\/index.php?rest_route=\/wp\/v2\/product"}],"about":[{"href":"https:\/\/pareve.sg2i.com\/index.php?rest_route=\/wp\/v2\/types\/product"}],"replies":[{"embeddable":true,"href":"https:\/\/pareve.sg2i.com\/index.php?rest_route=%2Fwp%2Fv2%2Fcomments&post=9788898908660"}],"version-history":[{"count":1,"href":"https:\/\/pareve.sg2i.com\/index.php?rest_route=\/wp\/v2\/product\/9788898908660\/revisions"}],"predecessor-version":[{"id":9788898908661,"href":"https:\/\/pareve.sg2i.com\/index.php?rest_route=\/wp\/v2\/product\/9788898908660\/revisions\/9788898908661"}],"wp:featuredmedia":[{"embeddable":true,"href":"https:\/\/pareve.sg2i.com\/index.php?rest_route=\/wp\/v2\/media\/9788898891379"}],"wp:attachment":[{"href":"https:\/\/pareve.sg2i.com\/index.php?rest_route=%2Fwp%2Fv2%2Fmedia&parent=9788898908660"}],"wp:term":[{"taxonomy":"product_cat","embeddable":true,"href":"https:\/\/pareve.sg2i.com\/index.php?rest_route=%2Fwp%2Fv2%2Fproduct_cat&post=9788898908660"},{"taxonomy":"product_tag","embeddable":true,"href":"https:\/\/pareve.sg2i.com\/index.php?rest_route=%2Fwp%2Fv2%2Fproduct_tag&post=9788898908660"}],"curies":[{"name":"wp","href":"https:\/\/api.w.org\/{rel}","templated":true}]}}