{"id":9788898907464,"date":"2022-08-09T10:37:48","date_gmt":"2022-08-09T10:37:48","guid":{"rendered":"https:\/\/pareve.ma\/?post_type=product&#038;p=9788898907464"},"modified":"2022-08-09T10:37:49","modified_gmt":"2022-08-09T10:37:49","slug":"filorga-scrub-amp-peel-creme-exfoliante-resurfacante-pour-le-corps-effet-peau-neuve-immediat-150ml","status":"publish","type":"product","link":"https:\/\/pareve.sg2i.com\/?product=filorga-scrub-amp-peel-creme-exfoliante-resurfacante-pour-le-corps-effet-peau-neuve-immediat-150ml","title":{"rendered":"Filorga Scrub ||amp; Peel Cr\u00e8me Exfoliante Resurfa\u00e7ante pour le Corps Effet Peau Neuve Imm\u00e9diat 150ml"},"content":{"rendered":"","protected":false},"excerpt":{"rendered":"","protected":false},"featured_media":9788898890254,"comment_status":"open","ping_status":"closed","template":"","meta":{"inline_featured_image":false},"product_cat":[3817],"product_tag":[],"class_list":{"0":"post-9788898907464","1":"product","2":"type-product","3":"status-publish","4":"has-post-thumbnail","6":"product_brand-filorga-medi-cosmetiques","7":"product_cat-gommages-233","9":"first","10":"instock","11":"shipping-taxable","12":"product-type-simple"},"_links":{"self":[{"href":"https:\/\/pareve.sg2i.com\/index.php?rest_route=\/wp\/v2\/product\/9788898907464","targetHints":{"allow":["GET"]}}],"collection":[{"href":"https:\/\/pareve.sg2i.com\/index.php?rest_route=\/wp\/v2\/product"}],"about":[{"href":"https:\/\/pareve.sg2i.com\/index.php?rest_route=\/wp\/v2\/types\/product"}],"replies":[{"embeddable":true,"href":"https:\/\/pareve.sg2i.com\/index.php?rest_route=%2Fwp%2Fv2%2Fcomments&post=9788898907464"}],"version-history":[{"count":1,"href":"https:\/\/pareve.sg2i.com\/index.php?rest_route=\/wp\/v2\/product\/9788898907464\/revisions"}],"predecessor-version":[{"id":9788898907465,"href":"https:\/\/pareve.sg2i.com\/index.php?rest_route=\/wp\/v2\/product\/9788898907464\/revisions\/9788898907465"}],"wp:featuredmedia":[{"embeddable":true,"href":"https:\/\/pareve.sg2i.com\/index.php?rest_route=\/wp\/v2\/media\/9788898890254"}],"wp:attachment":[{"href":"https:\/\/pareve.sg2i.com\/index.php?rest_route=%2Fwp%2Fv2%2Fmedia&parent=9788898907464"}],"wp:term":[{"taxonomy":"product_cat","embeddable":true,"href":"https:\/\/pareve.sg2i.com\/index.php?rest_route=%2Fwp%2Fv2%2Fproduct_cat&post=9788898907464"},{"taxonomy":"product_tag","embeddable":true,"href":"https:\/\/pareve.sg2i.com\/index.php?rest_route=%2Fwp%2Fv2%2Fproduct_tag&post=9788898907464"}],"curies":[{"name":"wp","href":"https:\/\/api.w.org\/{rel}","templated":true}]}}