{"id":9788898900516,"date":"2022-08-08T21:02:17","date_gmt":"2022-08-08T21:02:17","guid":{"rendered":"https:\/\/pareve.ma\/?post_type=product&#038;p=9788898900516"},"modified":"2022-08-08T21:02:18","modified_gmt":"2022-08-08T21:02:18","slug":"biocyte-longevite-microbiote-minceur-controle-du-poids-amp-amincissement-20-comprimes","status":"publish","type":"product","link":"https:\/\/pareve.sg2i.com\/?product=biocyte-longevite-microbiote-minceur-controle-du-poids-amp-amincissement-20-comprimes","title":{"rendered":"Biocyte Long\u00e9vit\u00e9 Microbiote Minceur Contr\u00f4le du Poids ||amp; Amincissement 20 comprim\u00e9s"},"content":{"rendered":"","protected":false},"excerpt":{"rendered":"","protected":false},"featured_media":9788898884149,"comment_status":"open","ping_status":"closed","template":"","meta":{"inline_featured_image":false},"product_cat":[4301],"product_tag":[],"class_list":{"0":"post-9788898900516","1":"product","2":"type-product","3":"status-publish","4":"has-post-thumbnail","6":"product_brand-biocyte","7":"product_cat-minceur-717","9":"first","10":"instock","11":"shipping-taxable","12":"product-type-simple"},"_links":{"self":[{"href":"https:\/\/pareve.sg2i.com\/index.php?rest_route=\/wp\/v2\/product\/9788898900516","targetHints":{"allow":["GET"]}}],"collection":[{"href":"https:\/\/pareve.sg2i.com\/index.php?rest_route=\/wp\/v2\/product"}],"about":[{"href":"https:\/\/pareve.sg2i.com\/index.php?rest_route=\/wp\/v2\/types\/product"}],"replies":[{"embeddable":true,"href":"https:\/\/pareve.sg2i.com\/index.php?rest_route=%2Fwp%2Fv2%2Fcomments&post=9788898900516"}],"version-history":[{"count":1,"href":"https:\/\/pareve.sg2i.com\/index.php?rest_route=\/wp\/v2\/product\/9788898900516\/revisions"}],"predecessor-version":[{"id":9788898900517,"href":"https:\/\/pareve.sg2i.com\/index.php?rest_route=\/wp\/v2\/product\/9788898900516\/revisions\/9788898900517"}],"wp:featuredmedia":[{"embeddable":true,"href":"https:\/\/pareve.sg2i.com\/index.php?rest_route=\/wp\/v2\/media\/9788898884149"}],"wp:attachment":[{"href":"https:\/\/pareve.sg2i.com\/index.php?rest_route=%2Fwp%2Fv2%2Fmedia&parent=9788898900516"}],"wp:term":[{"taxonomy":"product_cat","embeddable":true,"href":"https:\/\/pareve.sg2i.com\/index.php?rest_route=%2Fwp%2Fv2%2Fproduct_cat&post=9788898900516"},{"taxonomy":"product_tag","embeddable":true,"href":"https:\/\/pareve.sg2i.com\/index.php?rest_route=%2Fwp%2Fv2%2Fproduct_tag&post=9788898900516"}],"curies":[{"name":"wp","href":"https:\/\/api.w.org\/{rel}","templated":true}]}}