{"id":9788898898134,"date":"2022-08-08T20:32:40","date_gmt":"2022-08-08T20:32:40","guid":{"rendered":"https:\/\/pareve.ma\/?post_type=product&#038;p=9788898898134"},"modified":"2022-08-08T20:32:40","modified_gmt":"2022-08-08T20:32:40","slug":"arkopharma-arkogelules-fenugrec-equilibre-metabolisme-glucidique-manque-dappetit-bio-40-gelules","status":"publish","type":"product","link":"https:\/\/pareve.sg2i.com\/?product=arkopharma-arkogelules-fenugrec-equilibre-metabolisme-glucidique-manque-dappetit-bio-40-gelules","title":{"rendered":"ArkoPharma ArkoG\u00e9lules Fenugrec Equilibre M\u00e9tabolisme Glucidique Manque d&rsquo;App\u00e9tit BIO 40 g\u00e9lules"},"content":{"rendered":"","protected":false},"excerpt":{"rendered":"","protected":false},"featured_media":7939,"comment_status":"open","ping_status":"closed","template":"","meta":{"inline_featured_image":false},"product_cat":[4235],"product_tag":[],"class_list":{"0":"post-9788898898134","1":"product","2":"type-product","3":"status-publish","4":"has-post-thumbnail","6":"product_brand-arkopharma","7":"product_cat-gelules-de-plantes-651","9":"first","10":"instock","11":"shipping-taxable","12":"product-type-simple"},"_links":{"self":[{"href":"https:\/\/pareve.sg2i.com\/index.php?rest_route=\/wp\/v2\/product\/9788898898134","targetHints":{"allow":["GET"]}}],"collection":[{"href":"https:\/\/pareve.sg2i.com\/index.php?rest_route=\/wp\/v2\/product"}],"about":[{"href":"https:\/\/pareve.sg2i.com\/index.php?rest_route=\/wp\/v2\/types\/product"}],"replies":[{"embeddable":true,"href":"https:\/\/pareve.sg2i.com\/index.php?rest_route=%2Fwp%2Fv2%2Fcomments&post=9788898898134"}],"version-history":[{"count":1,"href":"https:\/\/pareve.sg2i.com\/index.php?rest_route=\/wp\/v2\/product\/9788898898134\/revisions"}],"predecessor-version":[{"id":9788898898135,"href":"https:\/\/pareve.sg2i.com\/index.php?rest_route=\/wp\/v2\/product\/9788898898134\/revisions\/9788898898135"}],"wp:featuredmedia":[{"embeddable":true,"href":"https:\/\/pareve.sg2i.com\/index.php?rest_route=\/wp\/v2\/media\/7939"}],"wp:attachment":[{"href":"https:\/\/pareve.sg2i.com\/index.php?rest_route=%2Fwp%2Fv2%2Fmedia&parent=9788898898134"}],"wp:term":[{"taxonomy":"product_cat","embeddable":true,"href":"https:\/\/pareve.sg2i.com\/index.php?rest_route=%2Fwp%2Fv2%2Fproduct_cat&post=9788898898134"},{"taxonomy":"product_tag","embeddable":true,"href":"https:\/\/pareve.sg2i.com\/index.php?rest_route=%2Fwp%2Fv2%2Fproduct_tag&post=9788898898134"}],"curies":[{"name":"wp","href":"https:\/\/api.w.org\/{rel}","templated":true}]}}