{"id":9788898897226,"date":"2022-08-08T20:21:20","date_gmt":"2022-08-08T20:21:20","guid":{"rendered":"https:\/\/pareve.ma\/?post_type=product&#038;p=9788898897226"},"modified":"2022-08-08T20:21:20","modified_gmt":"2022-08-08T20:21:20","slug":"acm-depiwhite-m-creme-protectrice-solaire-invisible-spf50-40ml-depiwhite-advanced-40ml-coffret","status":"publish","type":"product","link":"https:\/\/pareve.sg2i.com\/?product=acm-depiwhite-m-creme-protectrice-solaire-invisible-spf50-40ml-depiwhite-advanced-40ml-coffret","title":{"rendered":"ACM D\u00e9piwhite.M Cr\u00e8me Protectrice Solaire Invisible SPF50+ 40ml + D\u00e9piwhite Advanced 40ml Coffret"},"content":{"rendered":"","protected":false},"excerpt":{"rendered":"","protected":false},"featured_media":6694,"comment_status":"open","ping_status":"closed","template":"","meta":{"inline_featured_image":false},"product_cat":[3773],"product_tag":[],"class_list":{"0":"post-9788898897226","1":"product","2":"type-product","3":"status-publish","4":"has-post-thumbnail","6":"product_brand-acm","7":"product_cat-anti-taches-depigmentants-189","9":"first","10":"instock","11":"shipping-taxable","12":"product-type-simple"},"_links":{"self":[{"href":"https:\/\/pareve.sg2i.com\/index.php?rest_route=\/wp\/v2\/product\/9788898897226","targetHints":{"allow":["GET"]}}],"collection":[{"href":"https:\/\/pareve.sg2i.com\/index.php?rest_route=\/wp\/v2\/product"}],"about":[{"href":"https:\/\/pareve.sg2i.com\/index.php?rest_route=\/wp\/v2\/types\/product"}],"replies":[{"embeddable":true,"href":"https:\/\/pareve.sg2i.com\/index.php?rest_route=%2Fwp%2Fv2%2Fcomments&post=9788898897226"}],"version-history":[{"count":1,"href":"https:\/\/pareve.sg2i.com\/index.php?rest_route=\/wp\/v2\/product\/9788898897226\/revisions"}],"predecessor-version":[{"id":9788898897227,"href":"https:\/\/pareve.sg2i.com\/index.php?rest_route=\/wp\/v2\/product\/9788898897226\/revisions\/9788898897227"}],"wp:featuredmedia":[{"embeddable":true,"href":"https:\/\/pareve.sg2i.com\/index.php?rest_route=\/wp\/v2\/media\/6694"}],"wp:attachment":[{"href":"https:\/\/pareve.sg2i.com\/index.php?rest_route=%2Fwp%2Fv2%2Fmedia&parent=9788898897226"}],"wp:term":[{"taxonomy":"product_cat","embeddable":true,"href":"https:\/\/pareve.sg2i.com\/index.php?rest_route=%2Fwp%2Fv2%2Fproduct_cat&post=9788898897226"},{"taxonomy":"product_tag","embeddable":true,"href":"https:\/\/pareve.sg2i.com\/index.php?rest_route=%2Fwp%2Fv2%2Fproduct_tag&post=9788898897226"}],"curies":[{"name":"wp","href":"https:\/\/api.w.org\/{rel}","templated":true}]}}