{"id":4313055,"date":"2022-08-09T11:49:04","date_gmt":"2022-08-09T11:49:04","guid":{"rendered":"https:\/\/pareve.ma\/?post_type=product&#038;p=4313055"},"modified":"2022-08-09T11:49:05","modified_gmt":"2022-08-09T11:49:05","slug":"la-roche-posay-kerium-shampooing-gel-antipelliculaire-pellicules-grasses-200ml","status":"publish","type":"product","link":"https:\/\/pareve.sg2i.com\/?product=la-roche-posay-kerium-shampooing-gel-antipelliculaire-pellicules-grasses-200ml","title":{"rendered":"La Roche Posay Kerium Shampooing Gel Antipelliculaire Pellicules Grasses 200ml"},"content":{"rendered":"<p>En remplacement du shampooing habituel pour les \u00e9tats pelliculaires mod\u00e9r\u00e9s ou ponctuels ou en relais des traitements intensifs. Peut s&rsquo;utiliser tous les jours. Masser doucement le cuir chevelu avant de rincer. En cas de pellicules persistantes, utiliser Kerium DS Shampooing Antipelliculaire Intensif Micro-exfoliant.<\/p>\n","protected":false},"excerpt":{"rendered":"<p>En remplacement du shampooing habituel pour les \u00e9tats pelliculaires mod\u00e9r\u00e9s ou ponctuels ou en relais des traitements intensifs. Peut s&rsquo;utiliser tous les jours. Masser doucement le cuir chevelu avant de rincer. En cas de pellicules persistantes, utiliser Kerium DS Shampooing Antipelliculaire Intensif Micro-exfoliant.<\/p>\n","protected":false},"featured_media":9788898895333,"comment_status":"open","ping_status":"closed","template":"","meta":{"inline_featured_image":false},"product_cat":[3871],"product_tag":[],"class_list":{"0":"post-4313055","1":"product","2":"type-product","3":"status-publish","4":"has-post-thumbnail","6":"product_brand-la-roche-posay","7":"product_cat-anti-pelliculaires-287","9":"first","10":"instock","11":"shipping-taxable","12":"product-type-simple"},"_links":{"self":[{"href":"https:\/\/pareve.sg2i.com\/index.php?rest_route=\/wp\/v2\/product\/4313055","targetHints":{"allow":["GET"]}}],"collection":[{"href":"https:\/\/pareve.sg2i.com\/index.php?rest_route=\/wp\/v2\/product"}],"about":[{"href":"https:\/\/pareve.sg2i.com\/index.php?rest_route=\/wp\/v2\/types\/product"}],"replies":[{"embeddable":true,"href":"https:\/\/pareve.sg2i.com\/index.php?rest_route=%2Fwp%2Fv2%2Fcomments&post=4313055"}],"version-history":[{"count":1,"href":"https:\/\/pareve.sg2i.com\/index.php?rest_route=\/wp\/v2\/product\/4313055\/revisions"}],"predecessor-version":[{"id":9788898910234,"href":"https:\/\/pareve.sg2i.com\/index.php?rest_route=\/wp\/v2\/product\/4313055\/revisions\/9788898910234"}],"wp:featuredmedia":[{"embeddable":true,"href":"https:\/\/pareve.sg2i.com\/index.php?rest_route=\/wp\/v2\/media\/9788898895333"}],"wp:attachment":[{"href":"https:\/\/pareve.sg2i.com\/index.php?rest_route=%2Fwp%2Fv2%2Fmedia&parent=4313055"}],"wp:term":[{"taxonomy":"product_cat","embeddable":true,"href":"https:\/\/pareve.sg2i.com\/index.php?rest_route=%2Fwp%2Fv2%2Fproduct_cat&post=4313055"},{"taxonomy":"product_tag","embeddable":true,"href":"https:\/\/pareve.sg2i.com\/index.php?rest_route=%2Fwp%2Fv2%2Fproduct_tag&post=4313055"}],"curies":[{"name":"wp","href":"https:\/\/api.w.org\/{rel}","templated":true}]}}