{"id":3433425275284,"date":"2022-08-09T11:48:11","date_gmt":"2022-08-09T11:48:11","guid":{"rendered":"https:\/\/pareve.ma\/?post_type=product&#038;p=3433425275284"},"modified":"2022-08-09T11:48:11","modified_gmt":"2022-08-09T11:48:11","slug":"la-roche-posay-hyalu-b5-soin-anti-rides-reparateur-repulpant-40ml-hyalu-b5-serum-1-mois-offert","status":"publish","type":"product","link":"https:\/\/pareve.sg2i.com\/?product=la-roche-posay-hyalu-b5-soin-anti-rides-reparateur-repulpant-40ml-hyalu-b5-serum-1-mois-offert","title":{"rendered":"La Roche Posay Hyalu B5 Soin Anti-Rides R\u00e9parateur Repulpant 40ml + Hyalu B5 S\u00e9rum 1 mois OFFERT"},"content":{"rendered":"<p>La Roche Posay Hyalu B5 Soin Anti-Rides R\u00e9parateur Repulpant 40mlCr\u00e8me hydratante repulpante. Appliquer matin et soir sur le visage, le cou et d\u00e9collet\u00e9. Tous types de peaux. D\u00e9velopp\u00e9 pour les personnes intol\u00e9rantes au nickel.La Roche Posay Hyalu B5 S\u00e9rumAppliquer matin et soir sur le visage, cou et d\u00e9collet\u00e9. Tous types de peaux. D\u00e9velopp\u00e9 pour les personnes intol\u00e9rantes au nickel.\u00a0<\/p>\n","protected":false},"excerpt":{"rendered":"<p>La Roche Posay Hyalu B5 Soin Anti-Rides R\u00e9parateur Repulpant 40mlCr\u00e8me hydratante repulpante. Appliquer matin et soir sur le visage, le cou et d\u00e9collet\u00e9. Tous types de peaux. D\u00e9velopp\u00e9 pour les personnes intol\u00e9rantes au nickel.La Roche Posay Hyalu B5 S\u00e9rumAppliquer matin et soir sur le visage, cou et d\u00e9collet\u00e9. Tous types de peaux. D\u00e9velopp\u00e9 pour les &hellip; <\/p>\n<p class=\"link-more\"><a href=\"https:\/\/pareve.sg2i.com\/?product=la-roche-posay-hyalu-b5-soin-anti-rides-reparateur-repulpant-40ml-hyalu-b5-serum-1-mois-offert\" class=\"more-link\">Read More <span class=\"screen-reader-text\"> \u00ab\u00a0La Roche Posay Hyalu B5 Soin Anti-Rides R\u00e9parateur Repulpant 40ml + Hyalu B5 S\u00e9rum 1 mois OFFERT\u00a0\u00bb<\/span><\/a><\/p>\n","protected":false},"featured_media":9788898895229,"comment_status":"open","ping_status":"closed","template":"","meta":{"inline_featured_image":false},"product_cat":[3772],"product_tag":[],"class_list":{"0":"post-3433425275284","1":"product","2":"type-product","3":"status-publish","4":"has-post-thumbnail","6":"product_brand-la-roche-posay","7":"product_cat-raffermissants-repulpants-188","9":"first","10":"instock","11":"shipping-taxable","12":"product-type-simple"},"_links":{"self":[{"href":"https:\/\/pareve.sg2i.com\/index.php?rest_route=\/wp\/v2\/product\/3433425275284","targetHints":{"allow":["GET"]}}],"collection":[{"href":"https:\/\/pareve.sg2i.com\/index.php?rest_route=\/wp\/v2\/product"}],"about":[{"href":"https:\/\/pareve.sg2i.com\/index.php?rest_route=\/wp\/v2\/types\/product"}],"replies":[{"embeddable":true,"href":"https:\/\/pareve.sg2i.com\/index.php?rest_route=%2Fwp%2Fv2%2Fcomments&post=3433425275284"}],"version-history":[{"count":1,"href":"https:\/\/pareve.sg2i.com\/index.php?rest_route=\/wp\/v2\/product\/3433425275284\/revisions"}],"predecessor-version":[{"id":9788898910199,"href":"https:\/\/pareve.sg2i.com\/index.php?rest_route=\/wp\/v2\/product\/3433425275284\/revisions\/9788898910199"}],"wp:featuredmedia":[{"embeddable":true,"href":"https:\/\/pareve.sg2i.com\/index.php?rest_route=\/wp\/v2\/media\/9788898895229"}],"wp:attachment":[{"href":"https:\/\/pareve.sg2i.com\/index.php?rest_route=%2Fwp%2Fv2%2Fmedia&parent=3433425275284"}],"wp:term":[{"taxonomy":"product_cat","embeddable":true,"href":"https:\/\/pareve.sg2i.com\/index.php?rest_route=%2Fwp%2Fv2%2Fproduct_cat&post=3433425275284"},{"taxonomy":"product_tag","embeddable":true,"href":"https:\/\/pareve.sg2i.com\/index.php?rest_route=%2Fwp%2Fv2%2Fproduct_tag&post=3433425275284"}],"curies":[{"name":"wp","href":"https:\/\/api.w.org\/{rel}","templated":true}]}}