{"id":3433425256368,"date":"2022-08-09T11:53:08","date_gmt":"2022-08-09T11:53:08","guid":{"rendered":"https:\/\/pareve.ma\/?post_type=product&#038;p=3433425256368"},"modified":"2022-08-09T11:53:09","modified_gmt":"2022-08-09T11:53:09","slug":"la-roche-posay-toleriane-ultra-contour-yeux-soin-apaisant-20ml-eau-micellaire-ultra-50ml-offerte","status":"publish","type":"product","link":"https:\/\/pareve.sg2i.com\/?product=la-roche-posay-toleriane-ultra-contour-yeux-soin-apaisant-20ml-eau-micellaire-ultra-50ml-offerte","title":{"rendered":"La Roche Posay Toleriane Ultra Contour Yeux Soin Apaisant 20ml + Eau Micellaire Ultra 50ml OFFERTE"},"content":{"rendered":"<p>La Roche Posay Toleriane Ultra Contour Yeux Soin Apaisant 20ml :Appliquer sur le contour des yeux matin et soir. Eau Micellaire Ultra 50ml OFFERTE :Appliquer sur le visage, les yeux et les l\u00e8vres \u00e0 l&rsquo;aide d&rsquo;un coton. Sans rin\u00e7age.<\/p>\n","protected":false},"excerpt":{"rendered":"<p>La Roche Posay Toleriane Ultra Contour Yeux Soin Apaisant 20ml :Appliquer sur le contour des yeux matin et soir. Eau Micellaire Ultra 50ml OFFERTE :Appliquer sur le visage, les yeux et les l\u00e8vres \u00e0 l&rsquo;aide d&rsquo;un coton. Sans rin\u00e7age.<\/p>\n","protected":false},"featured_media":9788898895808,"comment_status":"open","ping_status":"closed","template":"","meta":{"inline_featured_image":false},"product_cat":[3779],"product_tag":[],"class_list":{"0":"post-3433425256368","1":"product","2":"type-product","3":"status-publish","4":"has-post-thumbnail","6":"product_brand-la-roche-posay","7":"product_cat-contours-des-yeux-195","9":"first","10":"instock","11":"shipping-taxable","12":"product-type-simple"},"_links":{"self":[{"href":"https:\/\/pareve.sg2i.com\/index.php?rest_route=\/wp\/v2\/product\/3433425256368","targetHints":{"allow":["GET"]}}],"collection":[{"href":"https:\/\/pareve.sg2i.com\/index.php?rest_route=\/wp\/v2\/product"}],"about":[{"href":"https:\/\/pareve.sg2i.com\/index.php?rest_route=\/wp\/v2\/types\/product"}],"replies":[{"embeddable":true,"href":"https:\/\/pareve.sg2i.com\/index.php?rest_route=%2Fwp%2Fv2%2Fcomments&post=3433425256368"}],"version-history":[{"count":1,"href":"https:\/\/pareve.sg2i.com\/index.php?rest_route=\/wp\/v2\/product\/3433425256368\/revisions"}],"predecessor-version":[{"id":9788898910394,"href":"https:\/\/pareve.sg2i.com\/index.php?rest_route=\/wp\/v2\/product\/3433425256368\/revisions\/9788898910394"}],"wp:featuredmedia":[{"embeddable":true,"href":"https:\/\/pareve.sg2i.com\/index.php?rest_route=\/wp\/v2\/media\/9788898895808"}],"wp:attachment":[{"href":"https:\/\/pareve.sg2i.com\/index.php?rest_route=%2Fwp%2Fv2%2Fmedia&parent=3433425256368"}],"wp:term":[{"taxonomy":"product_cat","embeddable":true,"href":"https:\/\/pareve.sg2i.com\/index.php?rest_route=%2Fwp%2Fv2%2Fproduct_cat&post=3433425256368"},{"taxonomy":"product_tag","embeddable":true,"href":"https:\/\/pareve.sg2i.com\/index.php?rest_route=%2Fwp%2Fv2%2Fproduct_tag&post=3433425256368"}],"curies":[{"name":"wp","href":"https:\/\/api.w.org\/{rel}","templated":true}]}}